{"id":50019,"date":"2020-06-12T10:27:30","date_gmt":"2020-06-12T08:27:30","guid":{"rendered":"http:\/\/lownew.zadiasoftware.com\/product\/formacion-online\/"},"modified":"2026-04-14T07:01:30","modified_gmt":"2026-04-14T05:01:30","slug":"formacion-online","status":"publish","type":"product","link":"http:\/\/lownew.zadiasoftware.com\/en\/producto\/formacion-online\/","title":{"rendered":"Formaci\u00f3n Online"},"content":{"rendered":"<p>Formaci\u00f3n LPF M\u00f3dulos online 1+2+3.IDIOMA: Espa\u00f1ol :<br \/>\n\u2022Nivel 1. Serie Est\u00e1tica. 20 horas<br \/>\n\u2022Nivel 2. Serie Din\u00e1mica. 20 horas<br \/>\n\u2022Nivel 3. Serie Neurodin\u00e1mica. 20 horas<\/p>\n<p>QU\u00c9 INCLUYE:<br \/>\n\u2022 Material did\u00e1ctico en formato digital (en espa\u00f1ol).<br \/>\n\u2022 Certificado en formato digital.<br \/>\n\u2022 Acceso durante 4 meses\/nivel<br \/>\n\u2022 Posibilidad de ampliaci\u00f3n de 30 d\u00edas extra de acceso a cada nivel sin coste (ver condiciones)<\/p>\n<p>REQUISITOS PARA COMPLETAR CADA NIVEL ONLINE LPF:<br \/>\n\u2022Completar al menos 20 horas de visualizaci\u00f3n de contenido (todos los videos deben constar visualizados por completo)<br \/>\n\u2022Superar el examen de autoevaluaci\u00f3n como Apto<br \/>\n\u2022Completar las preguntas indicadas como \u00abPon a prueba tus conocimientos\u00bb al final de cada unidad. No punt\u00faan pero debes responder para completar el nivel<br \/>\n\u2022Una vez superado un nivel, se activar\u00e1 autom\u00e1ticamente el siguiente nivel.<br \/>\nC\u00d3MO ACCEDO AL CURSO:<br \/>\nDespu\u00e9s de que validemos tu inscripci\u00f3n, tendr\u00e1s acceso al Nivel 1 en el Aula Virtual Aulands. Si no tienes un perfil previo recibir\u00e1s por correo electr\u00f3nico una clave de acceso y basta que accedas a tu \u00e1rea personal para empezar a realizar las clases.<\/p>\n","protected":false},"excerpt":{"rendered":"<p>Formaci\u00f3n LPF M\u00f3dulos online 1+2+3.IDIOMA: Espa\u00f1ol :<br \/>\n\u2022Nivel 1. Serie Est\u00e1tica. 20 horas<br \/>\n\u2022Nivel 2. Serie Din\u00e1mica. 20 horas<br \/>\n\u2022Nivel 3. Serie Neurodin\u00e1mica. 20 horas<\/p>\n<p>QU\u00c9 INCLUYE:<br \/>\n\u2022 Material did\u00e1ctico en formato digital (en espa\u00f1ol).<br \/>\n\u2022 Certificado en formato digital.<br \/>\n\u2022 Acceso durante 4 meses\/nivel<br \/>\n\u2022 Posibilidad de ampliaci\u00f3n de 30 d\u00edas extra de acceso a cada nivel sin coste (ver condiciones)<\/p>\n<p>REQUISITOS PARA COMPLETAR CADA NIVEL ONLINE LPF:<br \/>\n\u2022Completar al menos 20 horas de visualizaci\u00f3n de contenido (todos los videos deben constar visualizados por completo)<br \/>\n\u2022Superar el examen de autoevaluaci\u00f3n como Apto<br \/>\n\u2022Completar las preguntas indicadas como \u00abPon a prueba tus conocimientos\u00bb al final de cada unidad. No punt\u00faan pero debes responder para completar el nivel<br \/>\n\u2022Una vez superado un nivel, se activar\u00e1 autom\u00e1ticamente el siguiente nivel.<br \/>\nC\u00d3MO ACCEDO AL CURSO:<br \/>\nDespu\u00e9s de que validemos tu inscripci\u00f3n, tendr\u00e1s acceso al Nivel 1 en el Aula Virtual Aulands. Si no tienes un perfil previo recibir\u00e1s por correo electr\u00f3nico una clave de acceso y basta que accedas a tu \u00e1rea personal para empezar a realizar las clases.<\/p>\n","protected":false},"featured_media":2043,"template":"","meta":[],"_links":{"self":[{"href":"http:\/\/lownew.zadiasoftware.com\/en\/wp-json\/wp\/v2\/product\/50019\/"}],"collection":[{"href":"http:\/\/lownew.zadiasoftware.com\/en\/wp-json\/wp\/v2\/product\/"}],"about":[{"href":"http:\/\/lownew.zadiasoftware.com\/en\/wp-json\/wp\/v2\/types\/product\/"}],"wp:featuredmedia":[{"embeddable":true,"href":"http:\/\/lownew.zadiasoftware.com\/en\/wp-json\/wp\/v2\/media\/2043\/"}],"wp:attachment":[{"href":"http:\/\/lownew.zadiasoftware.com\/en\/wp-json\/wp\/v2\/media\/?parent=50019"}],"curies":[{"name":"wp","href":"https:\/\/api.w.org\/{rel}","templated":true}]}}