{"id":50025,"date":"2020-06-12T10:27:35","date_gmt":"2020-06-12T08:27:35","guid":{"rendered":"http:\/\/lownew.zadiasoftware.com\/product\/formacion-online-pt-certified\/"},"modified":"2026-04-14T07:01:32","modified_gmt":"2026-04-14T05:01:32","slug":"formacion-online-pt-certified","status":"publish","type":"product","link":"http:\/\/lownew.zadiasoftware.com\/en\/producto\/formacion-online-pt-certified\/","title":{"rendered":"Formaci\u00f3n Online + Certified"},"content":{"rendered":"<p>M\u00f3dulos Online de Forma\u00e7\u00e3o LPF 1+2+3+Certifica\u00e7\u00e3o. L\u00cdNGUA:Portugu\u00eas:<br \/>\n\u2022N\u00edvel 1. s\u00e9rie est\u00e1tica. 20 horas<br \/>\n\u2022N\u00edvel 2: S\u00e9rie Din\u00e2mica. 20 horas -N\u00edvel 3.<br \/>\n\u2022N\u00edvel 3. S\u00e9rie Neurodin\u00e2mica. S\u00e9rie Neurodin\u00e2mica. 20 horas<br \/>\n\u2022Certifica\u00e7\u00e3o: uma vez conclu\u00eddo o N\u00edvel 3, receber\u00e1 por e-mail a informa\u00e7\u00e3o e o link para obter a certifica\u00e7\u00e3o. Ter\u00e1 30 dias para a completar e 2 oportunidades.<\/p>\n<p>O QUE EST\u00c1 INCLU\u00cdDO:<br \/>\n\u2022 Material did\u00e1ctico em formato digital (em Portugu\u00eas).<br \/>\n\u2022 Certificado em formato digital.<br \/>\n\u2022 Acesso por 4 meses\/n\u00edvel. <\/p>\n<p>REQUISITOS PARA COMPLETAR CADA N\u00cdVEL DO LPF EM LINHA:<br \/>\n\u2022Completar pelo menos 20 horas de visualiza\u00e7\u00e3o do conte\u00fado (todos os v\u00eddeos devem ser visualizados na \u00edntegra).<br \/>\nPassar o exame de auto-avalia\u00e7\u00e3o como APTO.<br \/>\n\u2022Ap\u00f3s ter passado um n\u00edvel, o n\u00edvel seguinte ser\u00e1 automaticamente activado.<\/p>\n<p>COMO POSSO ACEDER AO CURSO?<br \/>\nDepois de validarmos a sua inscri\u00e7\u00e3o, ter\u00e1 acesso ao N\u00edvel 1 na Aulands Virtual Classroom. Se n\u00e3o tiver um perfil anterior, receber\u00e1 uma palavra-passe por e-mail e s\u00f3 precisa de aceder \u00e0 sua \u00e1rea pessoal para iniciar as aulas.<\/p>\n","protected":false},"excerpt":{"rendered":"<p>M\u00f3dulos Online de Forma\u00e7\u00e3o LPF 1+2+3+Certifica\u00e7\u00e3o. L\u00cdNGUA:Portugu\u00eas:<br \/>\n\u2022N\u00edvel 1. s\u00e9rie est\u00e1tica. 20 horas<br \/>\n\u2022N\u00edvel 2: S\u00e9rie Din\u00e2mica. 20 horas -N\u00edvel 3.<br \/>\n\u2022N\u00edvel 3. S\u00e9rie Neurodin\u00e2mica. S\u00e9rie Neurodin\u00e2mica. 20 horas<br \/>\n\u2022Certifica\u00e7\u00e3o: uma vez conclu\u00eddo o N\u00edvel 3, receber\u00e1 por e-mail a informa\u00e7\u00e3o e o link para obter a certifica\u00e7\u00e3o. Ter\u00e1 30 dias para a completar e 2 oportunidades.<\/p>\n<p>O QUE EST\u00c1 INCLU\u00cdDO:<br \/>\n\u2022 Material did\u00e1ctico em formato digital (em Portugu\u00eas).<br \/>\n\u2022 Certificado em formato digital.<br \/>\n\u2022 Acesso por 4 meses\/n\u00edvel. <\/p>\n<p>REQUISITOS PARA COMPLETAR CADA N\u00cdVEL DO LPF EM LINHA:<br \/>\n\u2022Completar pelo menos 20 horas de visualiza\u00e7\u00e3o do conte\u00fado (todos os v\u00eddeos devem ser visualizados na \u00edntegra).<br \/>\nPassar o exame de auto-avalia\u00e7\u00e3o como APTO.<br \/>\n\u2022Ap\u00f3s ter passado um n\u00edvel, o n\u00edvel seguinte ser\u00e1 automaticamente activado.<\/p>\n<p>COMO POSSO ACEDER AO CURSO?<br \/>\nDepois de validarmos a sua inscri\u00e7\u00e3o, ter\u00e1 acesso ao N\u00edvel 1 na Aulands Virtual Classroom. Se n\u00e3o tiver um perfil anterior, receber\u00e1 uma palavra-passe por e-mail e s\u00f3 precisa de aceder \u00e0 sua \u00e1rea pessoal para iniciar as aulas.<\/p>\n","protected":false},"featured_media":2043,"template":"","meta":[],"_links":{"self":[{"href":"http:\/\/lownew.zadiasoftware.com\/en\/wp-json\/wp\/v2\/product\/50025\/"}],"collection":[{"href":"http:\/\/lownew.zadiasoftware.com\/en\/wp-json\/wp\/v2\/product\/"}],"about":[{"href":"http:\/\/lownew.zadiasoftware.com\/en\/wp-json\/wp\/v2\/types\/product\/"}],"wp:featuredmedia":[{"embeddable":true,"href":"http:\/\/lownew.zadiasoftware.com\/en\/wp-json\/wp\/v2\/media\/2043\/"}],"wp:attachment":[{"href":"http:\/\/lownew.zadiasoftware.com\/en\/wp-json\/wp\/v2\/media\/?parent=50025"}],"curies":[{"name":"wp","href":"https:\/\/api.w.org\/{rel}","templated":true}]}}