{"id":50148,"date":"2020-06-15T16:07:42","date_gmt":"2020-06-15T14:07:42","guid":{"rendered":"http:\/\/lownew.zadiasoftware.com\/product\/winner-flow\/"},"modified":"2026-04-14T07:00:34","modified_gmt":"2026-04-14T05:00:34","slug":"winner-flow","status":"publish","type":"product","link":"http:\/\/lownew.zadiasoftware.com\/en\/producto\/winner-flow\/","title":{"rendered":"Winner Flow"},"content":{"rendered":"<p>Incentivador respiratorio que potencia la acci\u00f3n muscular de la musculatura espiratoria y que funciona como una v\u00e1lvula reguladora de la salida de aire para asegurar un flujo espiratorio homog\u00e9neo y forzado.<\/p>\n","protected":false},"excerpt":{"rendered":"<p>Incentivador respiratorio que potencia la acci\u00f3n muscular de la musculatura espiratoria y que funciona como una v\u00e1lvula reguladora de la salida de aire para asegurar un flujo espiratorio homog\u00e9neo y forzado.<\/p>\n","protected":false},"featured_media":51849,"template":"","meta":[],"_links":{"self":[{"href":"http:\/\/lownew.zadiasoftware.com\/en\/wp-json\/wp\/v2\/product\/50148\/"}],"collection":[{"href":"http:\/\/lownew.zadiasoftware.com\/en\/wp-json\/wp\/v2\/product\/"}],"about":[{"href":"http:\/\/lownew.zadiasoftware.com\/en\/wp-json\/wp\/v2\/types\/product\/"}],"wp:featuredmedia":[{"embeddable":true,"href":"http:\/\/lownew.zadiasoftware.com\/en\/wp-json\/wp\/v2\/media\/51849\/"}],"wp:attachment":[{"href":"http:\/\/lownew.zadiasoftware.com\/en\/wp-json\/wp\/v2\/media\/?parent=50148"}],"curies":[{"name":"wp","href":"https:\/\/api.w.org\/{rel}","templated":true}]}}