{"id":50777,"date":"2020-10-31T06:00:46","date_gmt":"2020-10-31T05:00:46","guid":{"rendered":"http:\/\/localhost\/product\/sliders\/"},"modified":"2026-04-14T07:00:31","modified_gmt":"2026-04-14T05:00:31","slug":"sliders","status":"publish","type":"product","link":"http:\/\/lownew.zadiasoftware.com\/en\/producto\/sliders\/","title":{"rendered":"SLIDERS"},"content":{"rendered":"<p>Producto vers\u00e1til que puede agregarse a una sesi\u00f3n Slider aut\u00f3noma o incorporarse a un formato de clase ya existente. <\/p>\n<p>Proporcionan una superficie de entrenamiento deslizante. Permiten trabajar varios grupos musculares mientras se activan los m\u00fasculos del core durante la ejecuci\u00f3n del movimiento. Los Sliders transforman los ejercicios en movimientos fluido y suaves. <\/p>\n<p>* Producto no incluido en descuentos de Tienda<\/p>\n<p>Nota: no son aptos para suelos de goma.<\/p>\n<p>Incluye 1 par.<\/p>\n","protected":false},"excerpt":{"rendered":"<p>Producto vers\u00e1til que puede agregarse a una sesi\u00f3n Slider aut\u00f3noma o incorporarse a un formato de clase ya existente. <\/p>\n<p>Proporcionan una superficie de entrenamiento deslizante. Permiten trabajar varios grupos musculares mientras se activan los m\u00fasculos del core durante la ejecuci\u00f3n del movimiento. Los Sliders transforman los ejercicios en movimientos fluido y suaves. <\/p>\n<p>* Producto no incluido en descuentos de Tienda<\/p>\n<p>Nota: no son aptos para suelos de goma.<\/p>\n<p>Incluye 1 par.<\/p>\n","protected":false},"featured_media":50799,"template":"","meta":[],"_links":{"self":[{"href":"http:\/\/lownew.zadiasoftware.com\/en\/wp-json\/wp\/v2\/product\/50777\/"}],"collection":[{"href":"http:\/\/lownew.zadiasoftware.com\/en\/wp-json\/wp\/v2\/product\/"}],"about":[{"href":"http:\/\/lownew.zadiasoftware.com\/en\/wp-json\/wp\/v2\/types\/product\/"}],"wp:featuredmedia":[{"embeddable":true,"href":"http:\/\/lownew.zadiasoftware.com\/en\/wp-json\/wp\/v2\/media\/50799\/"}],"wp:attachment":[{"href":"http:\/\/lownew.zadiasoftware.com\/en\/wp-json\/wp\/v2\/media\/?parent=50777"}],"curies":[{"name":"wp","href":"https:\/\/api.w.org\/{rel}","templated":true}]}}