{"id":51037,"date":"2020-11-03T06:02:05","date_gmt":"2020-11-03T05:02:05","guid":{"rendered":"http:\/\/localhost\/product\/winner-pack-xl\/"},"modified":"2026-04-14T07:00:56","modified_gmt":"2026-04-14T05:00:56","slug":"winner-pack-xl","status":"publish","type":"product","link":"http:\/\/lownew.zadiasoftware.com\/en\/producto\/winner-pack-xl\/","title":{"rendered":"Winner Pack XL"},"content":{"rendered":"<p>Este pack incluye:<br \/>\n&#8211; 1 winner flow<br \/>\n&#8211; 1 Wood Roller XL (Dimensiones: 50cm de largo por 16cm de ancho por 7,5cm de alto)<\/p>\n<p>WINNER FLOW<br \/>\n\u00bfQu\u00e9 es?<br \/>\nIncentivador respiratorio que potencia la acci\u00f3n muscular de la musculatura espiratoria y que funciona como una v\u00e1lvula reguladora de la salida de aire para asegurar un flujo espiratorio homog\u00e9neo y forzado.<\/p>\n<p>WOOD ROLLER XL<br \/>\n\u00bfQu\u00e9 es?<br \/>\n\u00b7Tronco de madera con forma de media luna que se adapta a las curvaturas naturales, utilizada como herramienta para el entrenamiento y la reeducaci\u00f3n postural.<br \/>\n\u00b7Desarrollado en madera maciza  de pino insigne, lijada y canteado al natural (sin barnices).<br \/>\n\u00b7Dimensiones: 50cm de largo por 16 cm de ancho por 7,5 cm de alto.<br \/>\n\u00b7No se trata de un producto industrial, y al estar fabricado en un material natural como la madera, puede presentar alguna peque\u00f1a imperfecci\u00f3n o ligeros cambios de tonalidad que no afectan a su eficacia.<\/p>\n<p>Beneficios<br \/>\n\u00b7 Reducir las tensiones y restricciones miofasciales<br \/>\n\u00b7 Incrementar la movilidad articular<br \/>\n\u00b7 Favorecer la oxigenaci\u00f3n de tejidos<br \/>\n\u00b7 Inhibir la musculatura hipert\u00f3nica<\/p>\n<p>Uso<br \/>\n\u00b7 Ejercicios de liberaci\u00f3n miofascial<br \/>\n\u00b7 Ejercicios respiratorios y de relajaci\u00f3n<br \/>\n\u00b7 Ejercicios propioceptivos para suelo p\u00e9lvico<\/p>\n","protected":false},"excerpt":{"rendered":"<p>Este pack incluye:<br \/>\n&#8211; 1 winner flow<br \/>\n&#8211; 1 Wood Roller XL (Dimensiones: 50cm de largo por 16cm de ancho por 7,5cm de alto)<\/p>\n<p>WINNER FLOW<br \/>\n\u00bfQu\u00e9 es?<br \/>\nIncentivador respiratorio que potencia la acci\u00f3n muscular de la musculatura espiratoria y que funciona como una v\u00e1lvula reguladora de la salida de aire para asegurar un flujo espiratorio homog\u00e9neo y forzado.<\/p>\n<p>WOOD ROLLER XL<br \/>\n\u00bfQu\u00e9 es?<br \/>\n\u00b7Tronco de madera con forma de media luna que se adapta a las curvaturas naturales, utilizada como herramienta para el entrenamiento y la reeducaci\u00f3n postural.<br \/>\n\u00b7Desarrollado en madera maciza  de pino insigne, lijada y canteado al natural (sin barnices).<br \/>\n\u00b7Dimensiones: 50cm de largo por 16 cm de ancho por 7,5 cm de alto.<br \/>\n\u00b7No se trata de un producto industrial, y al estar fabricado en un material natural como la madera, puede presentar alguna peque\u00f1a imperfecci\u00f3n o ligeros cambios de tonalidad que no afectan a su eficacia.<\/p>\n<p>Beneficios<br \/>\n\u00b7 Reducir las tensiones y restricciones miofasciales<br \/>\n\u00b7 Incrementar la movilidad articular<br \/>\n\u00b7 Favorecer la oxigenaci\u00f3n de tejidos<br \/>\n\u00b7 Inhibir la musculatura hipert\u00f3nica<\/p>\n<p>Uso<br \/>\n\u00b7 Ejercicios de liberaci\u00f3n miofascial<br \/>\n\u00b7 Ejercicios respiratorios y de relajaci\u00f3n<br \/>\n\u00b7 Ejercicios propioceptivos para suelo p\u00e9lvico<\/p>\n","protected":false},"featured_media":52238,"template":"","meta":[],"_links":{"self":[{"href":"http:\/\/lownew.zadiasoftware.com\/en\/wp-json\/wp\/v2\/product\/51037\/"}],"collection":[{"href":"http:\/\/lownew.zadiasoftware.com\/en\/wp-json\/wp\/v2\/product\/"}],"about":[{"href":"http:\/\/lownew.zadiasoftware.com\/en\/wp-json\/wp\/v2\/types\/product\/"}],"wp:featuredmedia":[{"embeddable":true,"href":"http:\/\/lownew.zadiasoftware.com\/en\/wp-json\/wp\/v2\/media\/52238\/"}],"wp:attachment":[{"href":"http:\/\/lownew.zadiasoftware.com\/en\/wp-json\/wp\/v2\/media\/?parent=51037"}],"curies":[{"name":"wp","href":"https:\/\/api.w.org\/{rel}","templated":true}]}}