{"id":51237,"date":"2020-12-02T06:00:45","date_gmt":"2020-12-02T05:00:45","guid":{"rendered":"http:\/\/localhost\/product\/pilates-softball-olive-o-15cm\/"},"modified":"2026-04-14T07:00:27","modified_gmt":"2026-04-14T05:00:27","slug":"pilates-softball-olive-o-15cm","status":"publish","type":"product","link":"http:\/\/lownew.zadiasoftware.com\/en\/producto\/pilates-softball-olive-o-15cm\/","title":{"rendered":"PILATES SOFTBALL O&#8217;LIVE. \u00f8 15cm"},"content":{"rendered":"<p>La pelota de pilates proporciona un soporte inestable para la activaci\u00f3n de los m\u00fasculos estabilizadores profundos. Su textura es suave y aterciopelada.<br \/>\nNo contiene l\u00e1tex.<br \/>\nPermite obtener una sesi\u00f3n de ejercicios completa y mejorar la postura.<br \/>\nCOLOR: Lila, ANCHO: \u00f8 15cm<\/p>\n<p>* Producto no incluido en descuentos de Tienda<\/p>\n","protected":false},"excerpt":{"rendered":"<p>La pelota de pilates proporciona un soporte inestable para la activaci\u00f3n de los m\u00fasculos estabilizadores profundos. Su textura es suave y aterciopelada.<br \/>\nNo contiene l\u00e1tex.<br \/>\nPermite obtener una sesi\u00f3n de ejercicios completa y mejorar la postura.<br \/>\nCOLOR: Lila, ANCHO: \u00f8 15cm<\/p>\n<p>* Producto no incluido en descuentos de Tienda<\/p>\n","protected":false},"featured_media":52483,"template":"","meta":[],"_links":{"self":[{"href":"http:\/\/lownew.zadiasoftware.com\/en\/wp-json\/wp\/v2\/product\/51237\/"}],"collection":[{"href":"http:\/\/lownew.zadiasoftware.com\/en\/wp-json\/wp\/v2\/product\/"}],"about":[{"href":"http:\/\/lownew.zadiasoftware.com\/en\/wp-json\/wp\/v2\/types\/product\/"}],"wp:featuredmedia":[{"embeddable":true,"href":"http:\/\/lownew.zadiasoftware.com\/en\/wp-json\/wp\/v2\/media\/52483\/"}],"wp:attachment":[{"href":"http:\/\/lownew.zadiasoftware.com\/en\/wp-json\/wp\/v2\/media\/?parent=51237"}],"curies":[{"name":"wp","href":"https:\/\/api.w.org\/{rel}","templated":true}]}}