{"id":53695,"date":"2021-06-05T07:00:47","date_gmt":"2021-06-05T05:00:47","guid":{"rendered":"http:\/\/localhost\/product\/pulsioximetro-fs20c\/"},"modified":"2026-04-14T07:00:23","modified_gmt":"2026-04-14T05:00:23","slug":"pulsioximetro-fs20c","status":"publish","type":"product","link":"http:\/\/lownew.zadiasoftware.com\/en\/producto\/pulsioximetro-fs20c\/","title":{"rendered":"Pulsiox\u00edmetro FS20C"},"content":{"rendered":"<p>Mide la Saturaci\u00f3n Arterial de Ox\u00edgeno (SpO2) y Frecuencia Card\u00edaca (PR) en tiempo real.<br \/>\nEl pulsiox\u00edmetro est\u00e1 indicado para uso hospitalario, oxigenoterapia, cuidado deportivo y cuidados de la salud.<\/p>\n<p>Caracter\u00edsticas t\u00e9cnicas:<\/p>\n<p>&#8211;\tMedici\u00f3n de la SpO2 (saturaci\u00f3n de ox\u00edgeno) 70-99%<br \/>\n&#8211;\tMedici\u00f3n de la frecuencia del pulso 25-250 ppm<br \/>\n&#8211;\tDi\u00e1metro de dedo 8-25,4 mm<br \/>\n&#8211;\tIndicador de bater\u00eda baja<br \/>\n&#8211;\tApagado autom\u00e1tico<br \/>\n&#8211;\tPantalla OLED<br \/>\n&#8211;\tOperaci\u00f3n con un bot\u00f3n<br \/>\n&#8211;\tVisualizaci\u00f3n en forma de onda de pulso<br \/>\n&#8211;\tEtiquetado y manual de instrucciones en castellano<\/p>\n<p>Caja que contiene: Pulsiox\u00edmetro, manual de instrucciones en castellano, bater\u00edas<\/p>\n","protected":false},"excerpt":{"rendered":"<p>Mide la Saturaci\u00f3n Arterial de Ox\u00edgeno (SpO2) y Frecuencia Card\u00edaca (PR) en tiempo real.<br \/>\nEl pulsiox\u00edmetro est\u00e1 indicado para uso hospitalario, oxigenoterapia, cuidado deportivo y cuidados de la salud.<\/p>\n<p>Caracter\u00edsticas t\u00e9cnicas:<\/p>\n<p>&#8211;\tMedici\u00f3n de la SpO2 (saturaci\u00f3n de ox\u00edgeno) 70-99%<br \/>\n&#8211;\tMedici\u00f3n de la frecuencia del pulso 25-250 ppm<br \/>\n&#8211;\tDi\u00e1metro de dedo 8-25,4 mm<br \/>\n&#8211;\tIndicador de bater\u00eda baja<br \/>\n&#8211;\tApagado autom\u00e1tico<br \/>\n&#8211;\tPantalla OLED<br \/>\n&#8211;\tOperaci\u00f3n con un bot\u00f3n<br \/>\n&#8211;\tVisualizaci\u00f3n en forma de onda de pulso<br \/>\n&#8211;\tEtiquetado y manual de instrucciones en castellano<\/p>\n<p>Caja que contiene: Pulsiox\u00edmetro, manual de instrucciones en castellano, bater\u00edas<\/p>\n","protected":false},"featured_media":54236,"template":"","meta":[],"_links":{"self":[{"href":"http:\/\/lownew.zadiasoftware.com\/en\/wp-json\/wp\/v2\/product\/53695\/"}],"collection":[{"href":"http:\/\/lownew.zadiasoftware.com\/en\/wp-json\/wp\/v2\/product\/"}],"about":[{"href":"http:\/\/lownew.zadiasoftware.com\/en\/wp-json\/wp\/v2\/types\/product\/"}],"wp:featuredmedia":[{"embeddable":true,"href":"http:\/\/lownew.zadiasoftware.com\/en\/wp-json\/wp\/v2\/media\/54236\/"}],"wp:attachment":[{"href":"http:\/\/lownew.zadiasoftware.com\/en\/wp-json\/wp\/v2\/media\/?parent=53695"}],"curies":[{"name":"wp","href":"https:\/\/api.w.org\/{rel}","templated":true}]}}