{"id":53718,"date":"2021-06-05T07:00:59","date_gmt":"2021-06-05T05:00:59","guid":{"rendered":"http:\/\/localhost\/product\/richellis-cobra\/"},"modified":"2026-04-14T07:00:24","modified_gmt":"2026-04-14T05:00:24","slug":"richellis-cobra","status":"publish","type":"product","link":"http:\/\/lownew.zadiasoftware.com\/en\/producto\/richellis-cobra\/","title":{"rendered":"Richelli\u2019s Cobra"},"content":{"rendered":"<p>Richelli\u2019s Cobra sirve de apoyo al pulgar, indice o eminencia tenar seg\u00fan en que posici\u00f3n la sujetemos. Permite as\u00ed aliviar las manos del terapeuta.<\/p>\n<p>*Producto no incluido en descuentos de Tienda<\/p>\n","protected":false},"excerpt":{"rendered":"<p>Richelli\u2019s Cobra sirve de apoyo al pulgar, indice o eminencia tenar seg\u00fan en que posici\u00f3n la sujetemos. Permite as\u00ed aliviar las manos del terapeuta.<\/p>\n<p>*Producto no incluido en descuentos de Tienda<\/p>\n","protected":false},"featured_media":53879,"template":"","meta":[],"_links":{"self":[{"href":"http:\/\/lownew.zadiasoftware.com\/en\/wp-json\/wp\/v2\/product\/53718\/"}],"collection":[{"href":"http:\/\/lownew.zadiasoftware.com\/en\/wp-json\/wp\/v2\/product\/"}],"about":[{"href":"http:\/\/lownew.zadiasoftware.com\/en\/wp-json\/wp\/v2\/types\/product\/"}],"wp:featuredmedia":[{"embeddable":true,"href":"http:\/\/lownew.zadiasoftware.com\/en\/wp-json\/wp\/v2\/media\/53879\/"}],"wp:attachment":[{"href":"http:\/\/lownew.zadiasoftware.com\/en\/wp-json\/wp\/v2\/media\/?parent=53718"}],"curies":[{"name":"wp","href":"https:\/\/api.w.org\/{rel}","templated":true}]}}