{"id":53727,"date":"2021-06-05T07:01:04","date_gmt":"2021-06-05T05:01:04","guid":{"rendered":"http:\/\/localhost\/product\/richellis-3dthumb\/"},"modified":"2026-04-14T07:00:24","modified_gmt":"2026-04-14T05:00:24","slug":"richellis-3dthumb","status":"publish","type":"product","link":"http:\/\/lownew.zadiasoftware.com\/en\/producto\/richellis-3dthumb\/","title":{"rendered":"Richelli\u2019s 3Dthumb"},"content":{"rendered":"<p>Richelli\u2019s 3dThumb es la herramienta para el fisioterapeuta que utiliza ocasionalmente una herramienta de apoyo para realizar presiones profundas, fricci\u00f3n y masaje en peque\u00f1as \u00e1reas. Es ideal para el tratamiento de tendinopat\u00edas y puntos gatillo.<\/p>\n<p>*Producto no incluido en descuentos de Tienda<\/p>\n","protected":false},"excerpt":{"rendered":"<p>Richelli\u2019s 3dThumb es la herramienta para el fisioterapeuta que utiliza ocasionalmente una herramienta de apoyo para realizar presiones profundas, fricci\u00f3n y masaje en peque\u00f1as \u00e1reas. Es ideal para el tratamiento de tendinopat\u00edas y puntos gatillo.<\/p>\n<p>*Producto no incluido en descuentos de Tienda<\/p>\n","protected":false},"featured_media":54649,"template":"","meta":[],"_links":{"self":[{"href":"http:\/\/lownew.zadiasoftware.com\/en\/wp-json\/wp\/v2\/product\/53727\/"}],"collection":[{"href":"http:\/\/lownew.zadiasoftware.com\/en\/wp-json\/wp\/v2\/product\/"}],"about":[{"href":"http:\/\/lownew.zadiasoftware.com\/en\/wp-json\/wp\/v2\/types\/product\/"}],"wp:featuredmedia":[{"embeddable":true,"href":"http:\/\/lownew.zadiasoftware.com\/en\/wp-json\/wp\/v2\/media\/54649\/"}],"wp:attachment":[{"href":"http:\/\/lownew.zadiasoftware.com\/en\/wp-json\/wp\/v2\/media\/?parent=53727"}],"curies":[{"name":"wp","href":"https:\/\/api.w.org\/{rel}","templated":true}]}}