{"id":53736,"date":"2021-06-05T07:01:11","date_gmt":"2021-06-05T05:01:11","guid":{"rendered":"http:\/\/localhost\/product\/richellis-kit-pro\/"},"modified":"2026-04-14T07:00:25","modified_gmt":"2026-04-14T05:00:25","slug":"richellis-kit-pro","status":"publish","type":"product","link":"http:\/\/lownew.zadiasoftware.com\/en\/producto\/richellis-kit-pro\/","title":{"rendered":"Richelli\u2019s Kit Pro"},"content":{"rendered":"<p>Set de herramientas Richelli\u00b4s  Pro.<\/p>\n<p>Indicado  para Fisioterapeutas que van a realizar un tratamiento preciso y completo en las patolog\u00edas cr\u00f3nicas y agudas de columna ,devolviendo la movilidad a las articulaciones y normalizando el tono de los m\u00fasculos.<\/p>\n<p>*Producto no incluido en descuentos deTienda<\/p>\n","protected":false},"excerpt":{"rendered":"<p>Set de herramientas Richelli\u00b4s  Pro.<\/p>\n<p>Indicado  para Fisioterapeutas que van a realizar un tratamiento preciso y completo en las patolog\u00edas cr\u00f3nicas y agudas de columna ,devolviendo la movilidad a las articulaciones y normalizando el tono de los m\u00fasculos.<\/p>\n<p>*Producto no incluido en descuentos deTienda<\/p>\n","protected":false},"featured_media":54269,"template":"","meta":[],"_links":{"self":[{"href":"http:\/\/lownew.zadiasoftware.com\/en\/wp-json\/wp\/v2\/product\/53736\/"}],"collection":[{"href":"http:\/\/lownew.zadiasoftware.com\/en\/wp-json\/wp\/v2\/product\/"}],"about":[{"href":"http:\/\/lownew.zadiasoftware.com\/en\/wp-json\/wp\/v2\/types\/product\/"}],"wp:featuredmedia":[{"embeddable":true,"href":"http:\/\/lownew.zadiasoftware.com\/en\/wp-json\/wp\/v2\/media\/54269\/"}],"wp:attachment":[{"href":"http:\/\/lownew.zadiasoftware.com\/en\/wp-json\/wp\/v2\/media\/?parent=53736"}],"curies":[{"name":"wp","href":"https:\/\/api.w.org\/{rel}","templated":true}]}}