{"id":53749,"date":"2021-06-06T07:01:01","date_gmt":"2021-06-06T05:01:01","guid":{"rendered":"http:\/\/localhost\/product\/colchoneta-pilates-olive\/"},"modified":"2026-04-14T07:00:26","modified_gmt":"2026-04-14T05:00:26","slug":"colchoneta-pilates-olive","status":"publish","type":"product","link":"http:\/\/lownew.zadiasoftware.com\/en\/producto\/colchoneta-pilates-olive\/","title":{"rendered":"COLCHONETA PILATES O&#8217;LIVE"},"content":{"rendered":"<p>La colchoneta Pilates de O\u2019Live est\u00e1 fabricada con foam NBR libre de sustancias t\u00f3xicas, un tipo de material m\u00e1s blando con buenas caracter\u00edsticas de recuperaci\u00f3n y capacidad para adaptarse, ideales para actividades como el Pilates. <\/p>\n<p>-Largo de 180 cm y 60 cm de ancho.<br \/>\n-Superficie ligeramente rugosa para evitar resbalar durante los ejercicios.<br \/>\n-Grosor \u00f3ptimo de 1 cm.<br \/>\n-Dispone de ojales para almacenamiento.<br \/>\n-Enrollable.<\/p>\n<p>* Producto no incluido en descuentos de Tienda<\/p>\n","protected":false},"excerpt":{"rendered":"<p>La colchoneta Pilates de O\u2019Live est\u00e1 fabricada con foam NBR libre de sustancias t\u00f3xicas, un tipo de material m\u00e1s blando con buenas caracter\u00edsticas de recuperaci\u00f3n y capacidad para adaptarse, ideales para actividades como el Pilates. <\/p>\n<p>-Largo de 180 cm y 60 cm de ancho.<br \/>\n-Superficie ligeramente rugosa para evitar resbalar durante los ejercicios.<br \/>\n-Grosor \u00f3ptimo de 1 cm.<br \/>\n-Dispone de ojales para almacenamiento.<br \/>\n-Enrollable.<\/p>\n<p>* Producto no incluido en descuentos de Tienda<\/p>\n","protected":false},"featured_media":54664,"template":"","meta":[],"_links":{"self":[{"href":"http:\/\/lownew.zadiasoftware.com\/en\/wp-json\/wp\/v2\/product\/53749\/"}],"collection":[{"href":"http:\/\/lownew.zadiasoftware.com\/en\/wp-json\/wp\/v2\/product\/"}],"about":[{"href":"http:\/\/lownew.zadiasoftware.com\/en\/wp-json\/wp\/v2\/types\/product\/"}],"wp:featuredmedia":[{"embeddable":true,"href":"http:\/\/lownew.zadiasoftware.com\/en\/wp-json\/wp\/v2\/media\/54664\/"}],"wp:attachment":[{"href":"http:\/\/lownew.zadiasoftware.com\/en\/wp-json\/wp\/v2\/media\/?parent=53749"}],"curies":[{"name":"wp","href":"https:\/\/api.w.org\/{rel}","templated":true}]}}