{"id":53752,"date":"2021-06-06T07:01:02","date_gmt":"2021-06-06T05:01:02","guid":{"rendered":"http:\/\/localhost\/product\/tirante-musculador-original-pro\/"},"modified":"2026-04-14T07:00:26","modified_gmt":"2026-04-14T05:00:26","slug":"tirante-musculador-original-pro","status":"publish","type":"product","link":"http:\/\/lownew.zadiasoftware.com\/en\/producto\/tirante-musculador-original-pro\/","title":{"rendered":"Tirante Musculador Original Pro"},"content":{"rendered":"<p>PACK compuesto de: TMR Original + Alargador Naranja + Bolsa de transporte azul + 3 gu\u00edas de ejercicios + 3 Videogu\u00edas<\/p>\n<p>Dispositivo\/cintur\u00f3n que se ancla a la pared o espaldera y que nos permite realizar trabajos est\u00e1ticos y din\u00e1micos de fuerza, tanto de la musculatura flexora como de la extensora de la cadera y piernas.<br \/>\nSe trata de un aparato realmente sencillo de utilizar, y que aporta muchos beneficios a los deportistas que pretendan desarrollar la musculatura del tren inferior, evitando ejercicios m\u00e1s tradicionales como las sentadillas o squats, que generalmente provocan muchas lesiones en rodillas, espalda y cervicales.<\/p>\n<p>Las gu\u00edas de ejercicios y Videogu\u00edas se enviar\u00e1n al email indicado en la hoja de pedido.<\/p>\n<p>*Tirante Musculador RF Barcelona, distribuido en Espa\u00f1a por www.tmr-world.com<\/p>\n","protected":false},"excerpt":{"rendered":"<p>PACK compuesto de: TMR Original + Alargador Naranja + Bolsa de transporte azul + 3 gu\u00edas de ejercicios + 3 Videogu\u00edas<\/p>\n<p>Dispositivo\/cintur\u00f3n que se ancla a la pared o espaldera y que nos permite realizar trabajos est\u00e1ticos y din\u00e1micos de fuerza, tanto de la musculatura flexora como de la extensora de la cadera y piernas.<br \/>\nSe trata de un aparato realmente sencillo de utilizar, y que aporta muchos beneficios a los deportistas que pretendan desarrollar la musculatura del tren inferior, evitando ejercicios m\u00e1s tradicionales como las sentadillas o squats, que generalmente provocan muchas lesiones en rodillas, espalda y cervicales.<\/p>\n<p>Las gu\u00edas de ejercicios y Videogu\u00edas se enviar\u00e1n al email indicado en la hoja de pedido.<\/p>\n<p>*Tirante Musculador RF Barcelona, distribuido en Espa\u00f1a por www.tmr-world.com<\/p>\n","protected":false},"featured_media":53900,"template":"","meta":[],"_links":{"self":[{"href":"http:\/\/lownew.zadiasoftware.com\/en\/wp-json\/wp\/v2\/product\/53752\/"}],"collection":[{"href":"http:\/\/lownew.zadiasoftware.com\/en\/wp-json\/wp\/v2\/product\/"}],"about":[{"href":"http:\/\/lownew.zadiasoftware.com\/en\/wp-json\/wp\/v2\/types\/product\/"}],"wp:featuredmedia":[{"embeddable":true,"href":"http:\/\/lownew.zadiasoftware.com\/en\/wp-json\/wp\/v2\/media\/53900\/"}],"wp:attachment":[{"href":"http:\/\/lownew.zadiasoftware.com\/en\/wp-json\/wp\/v2\/media\/?parent=53752"}],"curies":[{"name":"wp","href":"https:\/\/api.w.org\/{rel}","templated":true}]}}