{"id":62866,"date":"2023-12-21T06:01:51","date_gmt":"2023-12-21T05:01:51","guid":{"rendered":"http:\/\/localhost\/product\/lpf-recursos-adicionales-modulo-3\/"},"modified":"2026-04-14T07:01:29","modified_gmt":"2026-04-14T05:01:29","slug":"lpf-recursos-adicionales-modulo-3","status":"publish","type":"product","link":"http:\/\/lownew.zadiasoftware.com\/en\/producto\/lpf-recursos-adicionales-modulo-3\/","title":{"rendered":"LPF Recursos Adicionales M\u00f3dulo 3"},"content":{"rendered":"","protected":false},"excerpt":{"rendered":"<p>LPF RECURSOS ADICIONALES DEL CURSO LPF M\u00d3DULO 3<br \/>\nMaterial te\u00f3rico en video adicional a los contenidos y material did\u00e1ctico del M\u00f3dulo 3 LPF. <\/p>\n<p>\u2605  Contenido:<br \/>\n      &#8211; 3 videos  con contenido te\u00f3rico<br \/>\n      &#8211; Master Class del m\u00f3dulo 3<br \/>\n\u2022 Acceso ilimitado<br \/>\n\u2022 Docente: Piti Pinsach Ametller<br \/>\n\u2022 Dirigido a:<br \/>\n&#8211; alumnos matriculados en el curso de m\u00f3dulo 3 LPF.<br \/>\n&#8211;  trainers LPF de nivel  3 (o superior).<\/p>\n<p>\u2605 Objetivo:<\/p>\n","protected":false},"featured_media":2037,"template":"","meta":[],"_links":{"self":[{"href":"http:\/\/lownew.zadiasoftware.com\/en\/wp-json\/wp\/v2\/product\/62866\/"}],"collection":[{"href":"http:\/\/lownew.zadiasoftware.com\/en\/wp-json\/wp\/v2\/product\/"}],"about":[{"href":"http:\/\/lownew.zadiasoftware.com\/en\/wp-json\/wp\/v2\/types\/product\/"}],"wp:featuredmedia":[{"embeddable":true,"href":"http:\/\/lownew.zadiasoftware.com\/en\/wp-json\/wp\/v2\/media\/2037\/"}],"wp:attachment":[{"href":"http:\/\/lownew.zadiasoftware.com\/en\/wp-json\/wp\/v2\/media\/?parent=62866"}],"curies":[{"name":"wp","href":"https:\/\/api.w.org\/{rel}","templated":true}]}}