{"id":53662,"date":"2021-06-03T07:00:36","date_gmt":"2021-06-03T05:00:36","guid":{"rendered":"http:\/\/localhost\/product\/cilindro-automasaje-olive\/"},"modified":"2026-04-14T07:00:21","modified_gmt":"2026-04-14T05:00:21","slug":"cilindro-automasaje-olive","status":"publish","type":"product","link":"http:\/\/lownew.zadiasoftware.com\/es\/producto\/cilindro-automasaje-olive\/","title":{"rendered":"Cilindro Automasaje O&#8217;Live"},"content":{"rendered":"<p>Cilindro de automasaje miofascial o de liberaci\u00f3n .<\/p>\n<p>Incorpora un mini cilindro extra de 5 cm de di\u00e1metro para partes m\u00e1s peque\u00f1as del cuerpo como  brazos, parte inferior de los muslos y plantas de los pies. Di\u00e1metro: 14 cm. Longitud: 33 cm<\/p>\n<p>* Producto no incluido en descuentos de Tienda<\/p>\n","protected":false},"excerpt":{"rendered":"<p>Cilindro de automasaje miofascial o de liberaci\u00f3n .<\/p>\n<p>Incorpora un mini cilindro extra de 5 cm de di\u00e1metro para partes m\u00e1s peque\u00f1as del cuerpo como  brazos, parte inferior de los muslos y plantas de los pies. Di\u00e1metro: 14 cm. Longitud: 33 cm<\/p>\n<p>* Producto no incluido en descuentos de Tienda<\/p>\n","protected":false},"featured_media":53837,"template":"","meta":[],"_links":{"self":[{"href":"http:\/\/lownew.zadiasoftware.com\/es\/wp-json\/wp\/v2\/product\/53662\/"}],"collection":[{"href":"http:\/\/lownew.zadiasoftware.com\/es\/wp-json\/wp\/v2\/product\/"}],"about":[{"href":"http:\/\/lownew.zadiasoftware.com\/es\/wp-json\/wp\/v2\/types\/product\/"}],"wp:featuredmedia":[{"embeddable":true,"href":"http:\/\/lownew.zadiasoftware.com\/es\/wp-json\/wp\/v2\/media\/53837\/"}],"wp:attachment":[{"href":"http:\/\/lownew.zadiasoftware.com\/es\/wp-json\/wp\/v2\/media\/?parent=53662"}],"curies":[{"name":"wp","href":"https:\/\/api.w.org\/{rel}","templated":true}]}}