{"id":53675,"date":"2021-06-04T07:00:39","date_gmt":"2021-06-04T05:00:39","guid":{"rendered":"http:\/\/localhost\/product\/powerbreathe-serie-plus\/"},"modified":"2026-04-14T07:01:34","modified_gmt":"2026-04-14T05:01:34","slug":"powerbreathe-serie-plus","status":"publish","type":"product","link":"http:\/\/lownew.zadiasoftware.com\/es\/producto\/powerbreathe-serie-plus\/","title":{"rendered":"POWERbreathe Serie PLUS"},"content":{"rendered":"<p>El POWERbreathe PLUS es un aparato de Entrenamiento de la Musculatura Inspiratoria. <\/p>\n<p>Se presenta en 3 modelos diferenciados:<br \/>\n\u00b7 Salud (LR) dise\u00f1ado espec\u00edficamente para el Tratamiento y Rehabilitaci\u00f3n del COPD, Asma y Problemas Card\u00edacos<br \/>\n\u00b7 Deporte (MR) deportistas de fitness y recreaci\u00f3n<br \/>\n\u00b7 Competicion (HR) destinado a deportistas de Competici\u00f3n<br \/>\nTodos presentan una resistencia a la inspiraci\u00f3n ajustable, lo que permite diferentes modos de entrenamiento y lo que es m\u00e1s importante, una adaptaci\u00f3n a la evoluci\u00f3n que el propio entrenamiento genera en la musculatura respiratoria.<br \/>\nNivel de resistencia regulable:<br \/>\nSalud (LR &#8211; Light Resistance) 17-98 cmH2O. Color verde.<br \/>\nDeporte (MR &#8211; Medium Resistance) 23-186 cmH2O. Color azul.<br \/>\nCompetici\u00f3n (HR &#8211; High Resistance) 29-274 cmH2O. Color rojo.<\/p>\n<p>* Producto no incluido en descuentos de Tienda<\/p>\n","protected":false},"excerpt":{"rendered":"<p>El POWERbreathe PLUS es un aparato de Entrenamiento de la Musculatura Inspiratoria. <\/p>\n<p>Se presenta en 3 modelos diferenciados:<br \/>\n\u00b7 Salud (LR) dise\u00f1ado espec\u00edficamente para el Tratamiento y Rehabilitaci\u00f3n del COPD, Asma y Problemas Card\u00edacos<br \/>\n\u00b7 Deporte (MR) deportistas de fitness y recreaci\u00f3n<br \/>\n\u00b7 Competicion (HR) destinado a deportistas de Competici\u00f3n<br \/>\nTodos presentan una resistencia a la inspiraci\u00f3n ajustable, lo que permite diferentes modos de entrenamiento y lo que es m\u00e1s importante, una adaptaci\u00f3n a la evoluci\u00f3n que el propio entrenamiento genera en la musculatura respiratoria.<br \/>\nNivel de resistencia regulable:<br \/>\nSalud (LR &#8211; Light Resistance) 17-98 cmH2O. Color verde.<br \/>\nDeporte (MR &#8211; Medium Resistance) 23-186 cmH2O. Color azul.<br \/>\nCompetici\u00f3n (HR &#8211; High Resistance) 29-274 cmH2O. Color rojo.<\/p>\n<p>* Producto no incluido en descuentos de Tienda<\/p>\n","protected":false},"featured_media":54223,"template":"","meta":[],"_links":{"self":[{"href":"http:\/\/lownew.zadiasoftware.com\/es\/wp-json\/wp\/v2\/product\/53675\/"}],"collection":[{"href":"http:\/\/lownew.zadiasoftware.com\/es\/wp-json\/wp\/v2\/product\/"}],"about":[{"href":"http:\/\/lownew.zadiasoftware.com\/es\/wp-json\/wp\/v2\/types\/product\/"}],"wp:featuredmedia":[{"embeddable":true,"href":"http:\/\/lownew.zadiasoftware.com\/es\/wp-json\/wp\/v2\/media\/54223\/"}],"wp:attachment":[{"href":"http:\/\/lownew.zadiasoftware.com\/es\/wp-json\/wp\/v2\/media\/?parent=53675"}],"curies":[{"name":"wp","href":"https:\/\/api.w.org\/{rel}","templated":true}]}}