{"id":53706,"date":"2021-06-05T07:00:53","date_gmt":"2021-06-05T05:00:53","guid":{"rendered":"http:\/\/localhost\/product\/plataforma-de-propiocepcion-blackboard\/"},"modified":"2026-04-14T07:00:23","modified_gmt":"2026-04-14T05:00:23","slug":"plataforma-de-propiocepcion-blackboard","status":"publish","type":"product","link":"http:\/\/lownew.zadiasoftware.com\/es\/producto\/plataforma-de-propiocepcion-blackboard\/","title":{"rendered":"Plataforma de propiocepci\u00f3n- BlackBoard"},"content":{"rendered":"<p>El BlackBoard utiliza una funci\u00f3n corporal simple pero muy importante que le permite generar un alto nivel de estabilidad con un m\u00ednimo de fuerza. Nos referimos a la rotaci\u00f3n transversal: El giro individual de secciones del cuerpo uno contra el otro. <\/p>\n<p>*Producto no incluido en descuentos de Tienda<\/p>\n","protected":false},"excerpt":{"rendered":"<p>El BlackBoard utiliza una funci\u00f3n corporal simple pero muy importante que le permite generar un alto nivel de estabilidad con un m\u00ednimo de fuerza. Nos referimos a la rotaci\u00f3n transversal: El giro individual de secciones del cuerpo uno contra el otro. <\/p>\n<p>*Producto no incluido en descuentos de Tienda<\/p>\n","protected":false},"featured_media":54246,"template":"","meta":[],"_links":{"self":[{"href":"http:\/\/lownew.zadiasoftware.com\/es\/wp-json\/wp\/v2\/product\/53706\/"}],"collection":[{"href":"http:\/\/lownew.zadiasoftware.com\/es\/wp-json\/wp\/v2\/product\/"}],"about":[{"href":"http:\/\/lownew.zadiasoftware.com\/es\/wp-json\/wp\/v2\/types\/product\/"}],"wp:featuredmedia":[{"embeddable":true,"href":"http:\/\/lownew.zadiasoftware.com\/es\/wp-json\/wp\/v2\/media\/54246\/"}],"wp:attachment":[{"href":"http:\/\/lownew.zadiasoftware.com\/es\/wp-json\/wp\/v2\/media\/?parent=53706"}],"curies":[{"name":"wp","href":"https:\/\/api.w.org\/{rel}","templated":true}]}}