{"id":53715,"date":"2021-06-05T07:00:57","date_gmt":"2021-06-05T05:00:57","guid":{"rendered":"http:\/\/localhost\/product\/richellis-birdy\/"},"modified":"2026-04-14T07:00:24","modified_gmt":"2026-04-14T05:00:24","slug":"richellis-birdy","status":"publish","type":"product","link":"http:\/\/lownew.zadiasoftware.com\/es\/producto\/richellis-birdy\/","title":{"rendered":"Richelli\u2019s Birdy"},"content":{"rendered":"<p>Permite la realizaci\u00f3n de presi\u00f3n profunda mantenida y la fricci\u00f3n en \u00e1reas reducidas de peque\u00f1o tama\u00f1o y dif\u00edcil acceso.<\/p>\n<p>*Producto no incluido en descuentos de Tienda<\/p>\n","protected":false},"excerpt":{"rendered":"<p>Permite la realizaci\u00f3n de presi\u00f3n profunda mantenida y la fricci\u00f3n en \u00e1reas reducidas de peque\u00f1o tama\u00f1o y dif\u00edcil acceso.<\/p>\n<p>*Producto no incluido en descuentos de Tienda<\/p>\n","protected":false},"featured_media":54255,"template":"","meta":[],"_links":{"self":[{"href":"http:\/\/lownew.zadiasoftware.com\/es\/wp-json\/wp\/v2\/product\/53715\/"}],"collection":[{"href":"http:\/\/lownew.zadiasoftware.com\/es\/wp-json\/wp\/v2\/product\/"}],"about":[{"href":"http:\/\/lownew.zadiasoftware.com\/es\/wp-json\/wp\/v2\/types\/product\/"}],"wp:featuredmedia":[{"embeddable":true,"href":"http:\/\/lownew.zadiasoftware.com\/es\/wp-json\/wp\/v2\/media\/54255\/"}],"wp:attachment":[{"href":"http:\/\/lownew.zadiasoftware.com\/es\/wp-json\/wp\/v2\/media\/?parent=53715"}],"curies":[{"name":"wp","href":"https:\/\/api.w.org\/{rel}","templated":true}]}}