{"id":53724,"date":"2021-06-05T07:01:03","date_gmt":"2021-06-05T05:01:03","guid":{"rendered":"http:\/\/localhost\/product\/richellis-dino\/"},"modified":"2026-04-14T07:00:24","modified_gmt":"2026-04-14T05:00:24","slug":"richellis-dino","status":"publish","type":"product","link":"http:\/\/lownew.zadiasoftware.com\/es\/producto\/richellis-dino\/","title":{"rendered":"Richelli\u2019s Dino"},"content":{"rendered":"<p>l Richelli\u00b4s Dino sirve para la fricci\u00f3n espec\u00edfica de m\u00fasculos, ligamentos y tendones. Con el Dino es m\u00e1s f\u00e1cil tratar al tiempo que protegemos nuestras manos.<br \/>\nIdeal para zonas de dif\u00edcil acceso, de los puntos gatillo, masaje Cyriax y elastificar fibrosis.<\/p>\n<p>* Producto no incluido en descuentos de Tienda<\/p>\n","protected":false},"excerpt":{"rendered":"<p>l Richelli\u00b4s Dino sirve para la fricci\u00f3n espec\u00edfica de m\u00fasculos, ligamentos y tendones. Con el Dino es m\u00e1s f\u00e1cil tratar al tiempo que protegemos nuestras manos.<br \/>\nIdeal para zonas de dif\u00edcil acceso, de los puntos gatillo, masaje Cyriax y elastificar fibrosis.<\/p>\n<p>* Producto no incluido en descuentos de Tienda<\/p>\n","protected":false},"featured_media":54260,"template":"","meta":[],"_links":{"self":[{"href":"http:\/\/lownew.zadiasoftware.com\/es\/wp-json\/wp\/v2\/product\/53724\/"}],"collection":[{"href":"http:\/\/lownew.zadiasoftware.com\/es\/wp-json\/wp\/v2\/product\/"}],"about":[{"href":"http:\/\/lownew.zadiasoftware.com\/es\/wp-json\/wp\/v2\/types\/product\/"}],"wp:featuredmedia":[{"embeddable":true,"href":"http:\/\/lownew.zadiasoftware.com\/es\/wp-json\/wp\/v2\/media\/54260\/"}],"wp:attachment":[{"href":"http:\/\/lownew.zadiasoftware.com\/es\/wp-json\/wp\/v2\/media\/?parent=53724"}],"curies":[{"name":"wp","href":"https:\/\/api.w.org\/{rel}","templated":true}]}}