{"id":53730,"date":"2021-06-05T07:01:06","date_gmt":"2021-06-05T05:01:06","guid":{"rendered":"http:\/\/localhost\/product\/richellis-spinemover\/"},"modified":"2026-04-14T07:00:25","modified_gmt":"2026-04-14T05:00:25","slug":"richellis-spinemover","status":"publish","type":"product","link":"http:\/\/lownew.zadiasoftware.com\/es\/producto\/richellis-spinemover\/","title":{"rendered":"Richelli\u2019s Spinemover"},"content":{"rendered":"<p>Richelli\u2019s Spinemover sirve para la movilizaci\u00f3n de la columna vertebral.<br \/>\nSu forma espec\u00edfica le permite al terapeuta movilizar de forma precisa la columna para aliviar as\u00ed la compresi\u00f3n del nervio y la posici\u00f3n anormal o la movilidad de las v\u00e9rtebras.<\/p>\n<p>*Producto no incluido en descuentos de Tienda<\/p>\n","protected":false},"excerpt":{"rendered":"<p>Richelli\u2019s Spinemover sirve para la movilizaci\u00f3n de la columna vertebral.<br \/>\nSu forma espec\u00edfica le permite al terapeuta movilizar de forma precisa la columna para aliviar as\u00ed la compresi\u00f3n del nervio y la posici\u00f3n anormal o la movilidad de las v\u00e9rtebras.<\/p>\n<p>*Producto no incluido en descuentos de Tienda<\/p>\n","protected":false},"featured_media":54651,"template":"","meta":[],"_links":{"self":[{"href":"http:\/\/lownew.zadiasoftware.com\/es\/wp-json\/wp\/v2\/product\/53730\/"}],"collection":[{"href":"http:\/\/lownew.zadiasoftware.com\/es\/wp-json\/wp\/v2\/product\/"}],"about":[{"href":"http:\/\/lownew.zadiasoftware.com\/es\/wp-json\/wp\/v2\/types\/product\/"}],"wp:featuredmedia":[{"embeddable":true,"href":"http:\/\/lownew.zadiasoftware.com\/es\/wp-json\/wp\/v2\/media\/54651\/"}],"wp:attachment":[{"href":"http:\/\/lownew.zadiasoftware.com\/es\/wp-json\/wp\/v2\/media\/?parent=53730"}],"curies":[{"name":"wp","href":"https:\/\/api.w.org\/{rel}","templated":true}]}}