{"id":53733,"date":"2021-06-05T07:01:08","date_gmt":"2021-06-05T05:01:08","guid":{"rendered":"http:\/\/localhost\/product\/richellis-painreliever\/"},"modified":"2026-04-14T07:00:25","modified_gmt":"2026-04-14T05:00:25","slug":"richellis-painreliever","status":"publish","type":"product","link":"http:\/\/lownew.zadiasoftware.com\/es\/producto\/richellis-painreliever\/","title":{"rendered":"Richelli\u2019s Painreliever"},"content":{"rendered":"<p>Es la herramienta multifuncional por excelencia. Permite la aplicaci\u00f3n de cualquier tipo de t\u00e9cnica de terapia manual en combinaci\u00f3n con las manos.<br \/>\nPodr\u00e1s ejercer m\u00e1s presi\u00f3n sobre los puntos sin da\u00f1ar tus articulaciones.<br \/>\nEs la soluci\u00f3n para los fisioterapeutas que quieren cuidar sus manos y articulaciones, pudiendo ejercer m\u00e1s presi\u00f3n con menos esfuerzo.<\/p>\n<p>* Producto no incluido en descuentos de Tienda<\/p>\n","protected":false},"excerpt":{"rendered":"<p>Es la herramienta multifuncional por excelencia. Permite la aplicaci\u00f3n de cualquier tipo de t\u00e9cnica de terapia manual en combinaci\u00f3n con las manos.<br \/>\nPodr\u00e1s ejercer m\u00e1s presi\u00f3n sobre los puntos sin da\u00f1ar tus articulaciones.<br \/>\nEs la soluci\u00f3n para los fisioterapeutas que quieren cuidar sus manos y articulaciones, pudiendo ejercer m\u00e1s presi\u00f3n con menos esfuerzo.<\/p>\n<p>* Producto no incluido en descuentos de Tienda<\/p>\n","protected":false},"featured_media":53889,"template":"","meta":[],"_links":{"self":[{"href":"http:\/\/lownew.zadiasoftware.com\/es\/wp-json\/wp\/v2\/product\/53733\/"}],"collection":[{"href":"http:\/\/lownew.zadiasoftware.com\/es\/wp-json\/wp\/v2\/product\/"}],"about":[{"href":"http:\/\/lownew.zadiasoftware.com\/es\/wp-json\/wp\/v2\/types\/product\/"}],"wp:featuredmedia":[{"embeddable":true,"href":"http:\/\/lownew.zadiasoftware.com\/es\/wp-json\/wp\/v2\/media\/53889\/"}],"wp:attachment":[{"href":"http:\/\/lownew.zadiasoftware.com\/es\/wp-json\/wp\/v2\/media\/?parent=53733"}],"curies":[{"name":"wp","href":"https:\/\/api.w.org\/{rel}","templated":true}]}}