{"id":59895,"date":"2022-06-20T14:18:02","date_gmt":"2022-06-20T12:18:02","guid":{"rendered":"http:\/\/lownew.zadiasoftware.com\/product\/workshop-gestion-financiera-para-profesionales-de-la-salud\/"},"modified":"2026-04-14T07:01:28","modified_gmt":"2026-04-14T05:01:28","slug":"workshop-gestion-financiera-para-profesionales-de-la-salud","status":"publish","type":"product","link":"http:\/\/lownew.zadiasoftware.com\/es\/producto\/workshop-gestion-financiera-para-profesionales-de-la-salud\/","title":{"rendered":"LPF Recursos Adicionales M\u00f3dulo 1"},"content":{"rendered":"","protected":false},"excerpt":{"rendered":"<p>LPF RECURSOS ADICIONALES DEL CURSO LPF M\u00d3DULO 1<br \/>\nMaterial te\u00f3rico en video adicional a los contenidos y material did\u00e1ctico del M\u00f3dulo 1 LPF. <\/p>\n<p>\u2605 Contenido:<br \/>\n      &#8211; 7 videos  con contenido te\u00f3rico<br \/>\n      &#8211; Master Class del m\u00f3dulo 1<br \/>\n      &#8211; Test de valoraci\u00f3n del m\u00f3dulo 1<br \/>\n\u2022 Acceso ilimitado<br \/>\n\u2022 Docente: Piti Pinsach Ametller<br \/>\n\u2022 Dirigido a:<br \/>\n&#8211; alumnos matriculados en el curso de m\u00f3dulo 1 LPF.<br \/>\n&#8211;  trainers LPF de nivel 1 (o superior).<\/p>\n<p>\u2605 Objetivo:<\/p>\n","protected":false},"featured_media":2037,"template":"","meta":[],"_links":{"self":[{"href":"http:\/\/lownew.zadiasoftware.com\/es\/wp-json\/wp\/v2\/product\/59895\/"}],"collection":[{"href":"http:\/\/lownew.zadiasoftware.com\/es\/wp-json\/wp\/v2\/product\/"}],"about":[{"href":"http:\/\/lownew.zadiasoftware.com\/es\/wp-json\/wp\/v2\/types\/product\/"}],"wp:featuredmedia":[{"embeddable":true,"href":"http:\/\/lownew.zadiasoftware.com\/es\/wp-json\/wp\/v2\/media\/2037\/"}],"wp:attachment":[{"href":"http:\/\/lownew.zadiasoftware.com\/es\/wp-json\/wp\/v2\/media\/?parent=59895"}],"curies":[{"name":"wp","href":"https:\/\/api.w.org\/{rel}","templated":true}]}}