{"id":62535,"date":"2023-01-12T06:00:50","date_gmt":"2023-01-12T05:00:50","guid":{"rendered":"http:\/\/localhost\/product\/cojin-estabilidad-o-36-cm-color-gris\/"},"modified":"2026-04-14T07:00:20","modified_gmt":"2026-04-14T05:00:20","slug":"cojin-estabilidad-o-36-cm-color-gris","status":"publish","type":"product","link":"http:\/\/lownew.zadiasoftware.com\/es\/producto\/cojin-estabilidad-o-36-cm-color-gris\/","title":{"rendered":"Coj\u00edn Estabilidad. \u00d8 36 cm. Color gris"},"content":{"rendered":"<p>Coj\u00edn dise\u00f1ado para mantener una correcta postura  al sentarse,.<\/p>\n<p>Dispone de un lado liso y otro lado de masaje. Puedes regular el nivel de inflado.<\/p>\n<p>Ayuda a prevenir cambios en la columna y tonifica el sistema muscular de la espalda. <\/p>\n<p>Adecuado para fitness , Yoga o Pilates Suelo.<\/p>\n<p>* Producto no incluido en descuentos de Tienda<\/p>\n","protected":false},"excerpt":{"rendered":"<p>Coj\u00edn dise\u00f1ado para mantener una correcta postura  al sentarse,.<\/p>\n<p>Dispone de un lado liso y otro lado de masaje. Puedes regular el nivel de inflado.<\/p>\n<p>Ayuda a prevenir cambios en la columna y tonifica el sistema muscular de la espalda. <\/p>\n<p>Adecuado para fitness , Yoga o Pilates Suelo.<\/p>\n<p>* Producto no incluido en descuentos de Tienda<\/p>\n","protected":false},"featured_media":62536,"template":"","meta":[],"_links":{"self":[{"href":"http:\/\/lownew.zadiasoftware.com\/es\/wp-json\/wp\/v2\/product\/62535\/"}],"collection":[{"href":"http:\/\/lownew.zadiasoftware.com\/es\/wp-json\/wp\/v2\/product\/"}],"about":[{"href":"http:\/\/lownew.zadiasoftware.com\/es\/wp-json\/wp\/v2\/types\/product\/"}],"wp:featuredmedia":[{"embeddable":true,"href":"http:\/\/lownew.zadiasoftware.com\/es\/wp-json\/wp\/v2\/media\/62536\/"}],"wp:attachment":[{"href":"http:\/\/lownew.zadiasoftware.com\/es\/wp-json\/wp\/v2\/media\/?parent=62535"}],"curies":[{"name":"wp","href":"https:\/\/api.w.org\/{rel}","templated":true}]}}